{"id":1820,"date":"2020-12-16T19:36:34","date_gmt":"2020-12-16T18:36:34","guid":{"rendered":"http:\/\/wp.holoko.cz\/?page_id=1820"},"modified":"2021-01-24T15:09:34","modified_gmt":"2021-01-24T14:09:34","slug":"odkazy","status":"publish","type":"page","link":"https:\/\/wp.holoko.cz\/index.php\/odkazy\/","title":{"rendered":"U\u017eite\u010dn\u00e9 odkazy"},"content":{"rendered":"\n<h3 class=\"wp-block-heading\">Odkazy s horolezeckou t\u00e9matikou:<\/h3>\n\n\n\n<ul class=\"wp-block-list\"><li><a href=\"http:\/\/www.skalnioblasti.cz\/5_index.asp\">http:\/\/www.skalnioblasti.cz\/5_index.asp<\/a><\/li><li><a rel=\"noreferrer noopener\" href=\"http:\/\/www.horosvaz.cz\/\" target=\"_blank\">\u010cHS<\/a>&nbsp;&#8211; \u010cesk\u00fd horolezeck\u00fd svaz<\/li><li><a rel=\"noreferrer noopener\" href=\"http:\/\/www.lezec.cz\/\" target=\"_blank\">www.lezec.cz<\/a><\/li><li><a href=\"http:\/\/climbingaway.fr\/en\/\">http:\/\/climbingaway.fr\/en\/<\/a>&nbsp;&#8211; Francouzsk\u00fd server<\/li><li><a rel=\"noreferrer noopener\" href=\"http:\/\/cs.euroclimbing.com\/\" target=\"_blank\">http:\/\/cs.euroclimbing.com\/<\/a><\/li><li><a href=\"http:\/\/www.bergsteigen.com\/\">http:\/\/www.bergsteigen.com\/<\/a>&nbsp;&#8211; informace o cest\u00e1ch v Rakousku, pl\u00e1nky, fotky atd.<\/li><li><a rel=\"noreferrer noopener\" href=\"http:\/\/www.thomasbehm.at\/\" target=\"_blank\">http:\/\/www.thomasbehm.at\/<\/a><\/li><li><a rel=\"noreferrer noopener\" href=\"http:\/\/www.climbers-paradise.com\/\" target=\"_blank\">http:\/\/www.climbers-paradise.com\/<\/a><\/li><li><a rel=\"noreferrer noopener\" href=\"http:\/\/felsinfo.alpenverein.de\/\" target=\"_blank\">http:\/\/felsinfo.alpenverein.de\/<\/a>&nbsp;&#8211; informace o skaln\u00edch oblastech v N\u011bmecku, aktu\u00e1ln\u00ed omezen\u00ed lezen\u00ed<\/li><li><a rel=\"noreferrer noopener\" href=\"http:\/\/www.frankenjura.com\/\" target=\"_blank\">http:\/\/www.frankenjura.com\/<\/a><\/li><li><a rel=\"noreferrer noopener\" href=\"http:\/\/www.frankenjura.com\/klettern\/sperrungen\/\" target=\"_blank\">http:\/\/www.frankenjura.com\/klettern\/sperrungen\/<\/a>&nbsp;aktu\u00e1ln\u00ed seznam sektor\u016f se z\u00e1kazem lezen\u00ed ve Frankenju\u0159e.<\/li><li><a rel=\"noreferrer noopener\" href=\"http:\/\/www.austrianmap.at\/amap\/index.php?SKN=1&amp;XPX=637&amp;YPX=492\" target=\"_blank\">http:\/\/www.austrianmap.at\/<\/a>&nbsp;&#8211; lze nazv\u011bt\u0161ovat a\u017e do turistick\u00e9ho m\u011b\u0159\u00edtka 1:50 000<\/li><li><a rel=\"noreferrer noopener\" href=\"http:\/\/www.arrampicata-arco.com\/\" target=\"_blank\">http:\/\/www.arrampicata-arco.com\/<\/a>&nbsp;&#8211; velk\u00e9 st\u011bny&nbsp;v \u00fadol\u00ed Sarca&nbsp;(od Arca po Sarche).<\/li><li><a href=\"http:\/\/www.campeggioparetezebrata.it\/index_en.html\">http:\/\/www.campeggioparetezebrata.it\/index_en.html<\/a>&nbsp;&#8211; kemp, ze kter\u00e9ho je to do slune\u010dn\u00edch ploten bl\u00ed\u017e ne\u017e z parkovi\u0161t\u011b a je daleko komfortn\u011bj\u0161\u00ed a levn\u011bj\u0161\u00ed ne\u017e Zookemp.<\/li><li><a rel=\"noreferrer noopener\" href=\"http:\/\/www.arcowall.com\/\" target=\"_blank\">Arco<\/a>&nbsp;&#8211; skalky<\/li><li><a rel=\"noreferrer noopener\" href=\"http:\/\/www.piskari.cz\/\" target=\"_blank\">http:\/\/www.piskari.cz\/<\/a>&nbsp;&#8211; p\u00edskovcov\u00e9 lezen\u00ed v Polick\u00e9 p\u00e1nvi &#8211; Adr\u0161pach, Teplice &#8230;<a rel=\"noreferrer noopener\" href=\"http:\/\/www.gipfelbuch.de\/index.htm\" target=\"_blank\"><\/a><\/li><li><a rel=\"noreferrer noopener\" href=\"http:\/\/www.hruboskalsko.cz\/\" target=\"_blank\">http:\/\/www.hruboskalsko.cz<\/a><\/li><li><a rel=\"noreferrer noopener\" href=\"http:\/\/www.lkp.cz\/\" target=\"_blank\">Lezeck\u00fd krou\u017eek Prachov<\/a><\/li><li><a rel=\"noreferrer noopener\" href=\"http:\/\/www.karkonosz.org\/index1.htm\" target=\"_blank\">Karkonoski klub wysokogorski<\/a>&nbsp;&#8211; v odkazu &#8222;Skalki&#8220; obsahuje \u017eulov\u00e9 oblasti v okol\u00ed Szklarske Poreby<\/li><li><a rel=\"noreferrer noopener\" href=\"http:\/\/www.gipfelbuch.de\/index.htm\" target=\"_blank\">Gipfelbuch<\/a>&nbsp;&#8211; zaj\u00edmav\u00e1 str\u00e1nka o lezen\u00ed v Sasku, bohu\u017eel jenom v n\u011bm\u010din\u011b.<\/li><li><a rel=\"noreferrer noopener\" href=\"http:\/\/www.alpy.cz\/?id=3\" target=\"_blank\">CK Alpy &#8211; Alpenverein<\/a><\/li><li><a rel=\"noreferrer noopener\" href=\"http:\/\/www.montana.cz\/\" target=\"_blank\">Montana<\/a><\/li><li><a rel=\"noreferrer noopener\" href=\"http:\/\/www.jamesak.sk\/\" target=\"_blank\">James\u00e1k<\/a><\/li><li><a rel=\"noreferrer noopener\" href=\"http:\/\/www.lideahory.cz\/\" target=\"_blank\">Lid\u00e9 a hory<\/a><\/li><li><a rel=\"noreferrer noopener\" href=\"http:\/\/www.lezeckarevue.cz\/\" target=\"_blank\">Lezeck\u00e1 revue<\/a><\/li><li><a rel=\"noreferrer noopener\" href=\"http:\/\/www.climbing.com\/\" target=\"_blank\">Climbing<\/a>&nbsp;&#8211; anglicky<\/li><li><a rel=\"noreferrer noopener\" href=\"http:\/\/www.rockandice.com\/\" target=\"_blank\">Rock&amp;ice<\/a>&nbsp;&#8211; anglicky<\/li><li><a rel=\"noreferrer noopener\" href=\"http:\/\/www.risk.ru\/\" target=\"_blank\">Risk<\/a>&nbsp;&#8211; rusk\u00fd server<\/li><li><a rel=\"noreferrer noopener\" href=\"http:\/\/www.mountainzone.com\/\" target=\"_blank\">www.mountainzone.com<\/a>&nbsp;&#8211; anglicky<\/li><li><a rel=\"noreferrer noopener\" href=\"http:\/\/www.ffme.fr\/site\/\" target=\"_blank\">FFME<\/a>&nbsp;&#8211; Pouze ve francou\u0161tin\u011b.<\/li><li><a rel=\"noreferrer noopener\" href=\"http:\/\/www.hory.sk\/\" target=\"_blank\">Zimn\u00ed podm\u00ednky pro horolezectv\u00ed a lavinov\u00e9 nebezpe\u010d\u00ed ve slovensk\u00fdch hor\u00e1ch<\/a><\/li><li><a rel=\"noreferrer noopener\" href=\"http:\/\/climbinspain.com\/\" target=\"_blank\">http:\/\/climbinspain.com\/<\/a><\/li><li><a rel=\"noreferrer noopener\" href=\"http:\/\/dagles.klenot.cz\/\" target=\"_blank\">Dagles<\/a><\/li><li><a rel=\"noreferrer noopener\" href=\"http:\/\/www.sutr.cz\/\" target=\"_blank\">Lezeck\u00e1 st\u011bna \u0160utr<\/a><\/li><li><a rel=\"noreferrer noopener\" href=\"http:\/\/www.lezeckaarena.cz\/index.php\" target=\"_blank\">Lezeck\u00e1 ar\u00e9na Jablonec nad Nisou<\/a><\/li><\/ul>\n\n\n\n<h3 class=\"wp-block-heading\">Obchody s horolezeck\u00fdmi pr\u016fvodci a materi\u00e1lem:&nbsp;<\/h3>\n\n\n\n<ul class=\"wp-block-list\"><li><a rel=\"noreferrer noopener\" href=\"http:\/\/www.knihynahory.cz\/\" target=\"_blank\">http:\/\/www.knihynahory.cz\/<\/a>&nbsp;\u010desk\u00fd obchod s ni\u017e\u0161\u00edmi cenami<\/li><li><a rel=\"noreferrer noopener\" href=\"http:\/\/www.horoknihy.cz\/\" target=\"_blank\">http:\/\/www.horoknihy.cz\/<\/a>&nbsp;\u010desk\u00fd obchod s nej\u0161ir\u0161\u00edm sortimentem<\/li><li><a rel=\"noreferrer noopener\" href=\"http:\/\/www.horokupectvi.cz\/\" target=\"_blank\">http:\/\/www.horokupectvi.cz\/<\/a>&nbsp;omezen\u00fd sortiment<\/li><li><a rel=\"noreferrer noopener\" href=\"http:\/\/www.panico.de\/\" target=\"_blank\">http:\/\/www.panico.de\/<\/a>&nbsp;nejv\u011bt\u0161\u00ed n\u011bmeck\u00e9 vydavatelstv\u00ed horopr\u016fvodc\u016f<\/li><li><a href=\"http:\/\/www.affekt.cz\/\">http:\/\/www.affekt.cz\/<\/a>&nbsp;nejlep\u0161\u00ed ceny friend\u016f DMM&nbsp;Dragon Cam 03\/2015 &#8230;.<\/li><li><a rel=\"noreferrer noopener\" href=\"http:\/\/www.forclimbers.cz\/\" data-type=\"URL\" data-id=\"http:\/\/www.forclimbers.cz\/\" target=\"_blank\">http:\/\/forclimbers.cz\/<\/a>&nbsp;krom\u011b Kouby, Black Diamond a DMM vedou i hexy, \u010doky a friendy od Wild Country &#8211; majitel ochrann\u00e9 zn\u00e1mky &#8222;Friend&#8220; u\u017e m\u00e1 taky doj-osi\u010dkov\u00e9!<\/li><\/ul>\n\n\n\n<h3 class=\"wp-block-heading\">&nbsp;Dal\u0161\u00ed odkazy:<\/h3>\n\n\n\n<ul class=\"wp-block-list\"><li><a rel=\"noreferrer noopener\" href=\"http:\/\/www.tj-loko-liberec.cz\/\" target=\"_blank\">TJ Lokomotiva Liberec 1<\/a><\/li><li><a rel=\"noreferrer noopener\" href=\"http:\/\/www.jizerskaops.cz\/\" target=\"_blank\">Jizersk\u00e1 o.p.s. &#8211; informace o stavu ly\u017ea\u0159sk\u00fdch b\u011b\u017eeck\u00fdch trat\u00ed<\/a><\/li><li><a rel=\"noreferrer noopener\" href=\"http:\/\/www.bedrichov.cz\/\" target=\"_blank\">www.bedrichov.cz<\/a><\/li><li><a rel=\"noreferrer noopener\" href=\"http:\/\/www.jiz50.cz\/\" target=\"_blank\">Jizersk\u00e1 pades\u00e1tka<\/a>\u00a0&#8211; z\u00e1vod v b\u011bhu na ly\u017e\u00edch<\/li><li><a rel=\"noreferrer noopener\" href=\"http:\/\/www.skijested.cz\/\" target=\"_blank\">Je\u0161t\u011bd &#8211; www.skijested.cz<\/a><\/li><li><a rel=\"noreferrer noopener\" href=\"http:\/\/www.holidayinfo.cz\/\" target=\"_blank\">Hory &#8211; \u010desk\u00e1 ly\u017ea\u0159sk\u00e1 st\u0159ediska<\/a><\/li><li><a rel=\"noreferrer noopener\" href=\"http:\/\/www.fis-ski.com\/\" target=\"_blank\">FIS ski<\/a><\/li><li><a rel=\"noreferrer noopener\" href=\"http:\/\/jizdnirady.idnes.cz\/vlakyautobusy\/spojeni\/\" target=\"_blank\">Celost\u00e1tn\u00ed informa\u010dn\u00ed syst\u00e9m o j\u00edzdn\u00edch \u0159\u00e1dech<\/a><\/li><li><a rel=\"noreferrer noopener\" href=\"http:\/\/www.mapy.cz\/#\" target=\"_blank\">Mapy, pl\u00e1nova\u010d tras<\/a><\/li><li><a rel=\"noreferrer noopener\" href=\"http:\/\/www.viamichelin.com\/viamichelin\/int\/tpl\/hme\/MaHomePage.htm\" target=\"_blank\">www.viamichelin.com<\/a><\/li><li><a rel=\"noreferrer noopener\" href=\"http:\/\/camping.hpaguide.co.uk\/\" target=\"_blank\">P\u0159eh<\/a><a rel=\"noreferrer noopener\" href=\"https:\/\/hpaguide.fr\/\" data-type=\"URL\" data-id=\"https:\/\/hpaguide.fr\/\" target=\"_blank\">led camp\u016f ve Francii<\/a><\/li><li><a rel=\"noreferrer noopener\" href=\"http:\/\/www.horskyspolek.cz\/\" target=\"_blank\">Jizersko-je\u0161t\u011bdsk\u00fd horsk\u00fd spolek<\/a><\/li><li><a rel=\"noreferrer noopener\" href=\"http:\/\/www.pikous.com\/\" target=\"_blank\">\u0160imon Pikous &#8211; fotografick\u00fd atelier<\/a><\/li><li><a rel=\"noreferrer noopener\" href=\"http:\/\/www.lidovesadyliberec.cz\/experimentalni_studio\/program.php\" target=\"_blank\">Experiment\u00e1ln\u00ed studio Liberec<\/a>\u00a0&#8211; program akc\u00ed<\/li><li><a rel=\"noreferrer noopener\" href=\"http:\/\/www.rampaklub.cz\/\" target=\"_blank\">Klub na Ramp\u011b, Jablonec nad Nisou<\/a><\/li><\/ul>\n","protected":false},"excerpt":{"rendered":"<p>Odkazy s horolezeckou t\u00e9matikou: http:\/\/www.skalnioblasti.cz\/5_index.asp \u010cHS&nbsp;&#8211; \u010cesk\u00fd horolezeck\u00fd svaz www.lezec.cz http:\/\/climbingaway.fr\/en\/&nbsp;&#8211; Francouzsk\u00fd server http:\/\/cs.euroclimbing.com\/ http:\/\/www.bergsteigen.com\/&nbsp;&#8211; informace o cest\u00e1ch v Rakousku, pl\u00e1nky, fotky atd. http:\/\/www.thomasbehm.at\/ http:\/\/www.climbers-paradise.com\/&hellip;<\/p>\n","protected":false},"author":2,"featured_media":0,"parent":0,"menu_order":0,"comment_status":"closed","ping_status":"closed","template":"","meta":{"_bbp_topic_count":0,"_bbp_reply_count":0,"_bbp_total_topic_count":0,"_bbp_total_reply_count":0,"_bbp_voice_count":0,"_bbp_anonymous_reply_count":0,"_bbp_topic_count_hidden":0,"_bbp_reply_count_hidden":0,"_bbp_forum_subforum_count":0,"footnotes":""},"class_list":["post-1820","page","type-page","status-publish","hentry"],"_links":{"self":[{"href":"https:\/\/wp.holoko.cz\/index.php\/wp-json\/wp\/v2\/pages\/1820","targetHints":{"allow":["GET"]}}],"collection":[{"href":"https:\/\/wp.holoko.cz\/index.php\/wp-json\/wp\/v2\/pages"}],"about":[{"href":"https:\/\/wp.holoko.cz\/index.php\/wp-json\/wp\/v2\/types\/page"}],"author":[{"embeddable":true,"href":"https:\/\/wp.holoko.cz\/index.php\/wp-json\/wp\/v2\/users\/2"}],"replies":[{"embeddable":true,"href":"https:\/\/wp.holoko.cz\/index.php\/wp-json\/wp\/v2\/comments?post=1820"}],"version-history":[{"count":9,"href":"https:\/\/wp.holoko.cz\/index.php\/wp-json\/wp\/v2\/pages\/1820\/revisions"}],"predecessor-version":[{"id":6834,"href":"https:\/\/wp.holoko.cz\/index.php\/wp-json\/wp\/v2\/pages\/1820\/revisions\/6834"}],"wp:attachment":[{"href":"https:\/\/wp.holoko.cz\/index.php\/wp-json\/wp\/v2\/media?parent=1820"}],"curies":[{"name":"wp","href":"https:\/\/api.w.org\/{rel}","templated":true}]}}