{"id":48956,"date":"2021-09-24T11:35:36","date_gmt":"2021-09-24T10:35:36","guid":{"rendered":"https:\/\/wp.holoko.cz\/?page_id=48956"},"modified":"2022-07-09T00:50:09","modified_gmt":"2022-07-08T23:50:09","slug":"pocasi","status":"publish","type":"page","link":"https:\/\/wp.holoko.cz\/index.php\/pocasi\/","title":{"rendered":"Po\u010das\u00ed"},"content":{"rendered":"\n<ul class=\"wp-block-list\" id=\"https:\/\/www.meteo.gr\/index-en.cfm\"><li><a href=\"http:\/\/www.chmi.cz\/\">http:\/\/www.chmi.cz<\/a>\u00a0&#8211; \u010cesk\u00fd hydrometeorologick\u00fd ustav<\/li><li><a href=\"http:\/\/www.medard-online.cz\/\">http:\/\/www.medard-online.cz\/<\/a>\u00a0&#8211; Model \u00fastavu informatiky Akademice v\u011bd \u010cR, horizont\u00e1ln\u00ed rozli\u0161en\u00ed 3km.<\/li><li><a href=\"https:\/\/www.wetteronline.de\/\">https:\/\/www.wetteronline.de\/<\/a>\u00a0&#8211; N\u011bmeck\u00e1 p\u0159edpov\u011b\u010f, pro severn\u00ed okraj \u010cech n\u011bkdy relevantn\u011bj\u0161\u00ed ne\u017e \u010cHM\u00da\u00a0<\/li><li><a href=\"https:\/\/www.meteo.pl\" target=\"_blank\" rel=\"noreferrer noopener\">Numeryczna prognoza pogody<\/a><\/li><li><a href=\"https:\/\/www.yr.no\/en\" target=\"_blank\" rel=\"noreferrer noopener\">Norsk\u00fd server o po\u010das\u00ed yr.no<\/a><\/li><li><a rel=\"noreferrer noopener\" href=\"http:\/\/www.wetterzentrale.de\/\" target=\"_blank\">www.wetterzentrale.de<\/a>\u00a0&#8211; synoptick\u00e9 mapy, dru\u017eice, radary, animace<\/li><li><a rel=\"noreferrer noopener\" href=\"http:\/\/www.meteo.sk\/\" target=\"_blank\">Slovensko<\/a><\/li><li>Slovensko:\u00a0<a rel=\"noreferrer noopener\" href=\"http:\/\/www.shmu.sk\/\" target=\"_blank\">http:\/\/www.shmu.sk<\/a><\/li><li><a rel=\"noreferrer noopener\" href=\"http:\/\/www.zamg.ac.at\/\" target=\"_blank\">Rakousko<\/a>\u00a0&#8211; velmi kvalitn\u00ed p\u0159edpov\u011b\u010f na serveru zamg.ac.at<\/li><li>Rakousko &#8211;\u00a0<a rel=\"noreferrer noopener\" href=\"http:\/\/www.wetter.at\/\" target=\"_blank\">www.wetter.at<\/a>\u00a0&#8211; 7 denn\u00ed p\u0159edpov\u011b\u010f<\/li><li><a href=\"http:\/\/www.3bmeteo.com\/\">http:\/\/www.3bmeteo.com\/<\/a>\u00a0&#8211;\u00a0It\u00e1lie &#8211;\u00a0p\u0159edpov\u011b\u010f s mo\u017enost\u00ed zobrazen\u00ed lok\u00e1ln\u00edch p\u0159edpov\u011bd\u00ed i pro men\u0161\u00ed obce<\/li><li><a rel=\"noreferrer noopener\" href=\"http:\/\/www.provinz.bz.it\/wetter\/home.asp\" target=\"_blank\">It\u00e1lie &#8211;\u00a0<\/a>\u00a0provincie Bozen &#8211; p\u0159edpov\u011b\u010f pro ji\u017en\u00ed Tirolsko v n\u011bm\u010din\u011b, bou\u0159kov\u00fd radar pro oblast Dolomit a okol\u00ed.<\/li><li><a rel=\"noreferrer noopener\" href=\"http:\/\/www.meteotrentino.it\/\" target=\"_blank\">Meteo Trentino<\/a>. Oblast od Canazei p\u0159es Trento po Arco a Riva. Italsky, z\u00e1kladn\u00ed p\u0159edpov\u011b\u010f tak\u00e9\u00a0<a rel=\"noreferrer noopener\" href=\"http:\/\/www.meteotrentino.it\/bollettini\/today\/generale_de.aspx?id=64\" target=\"_blank\">n\u011bmecky<\/a>\u00a0a\u00a0<a rel=\"noreferrer noopener\" href=\"http:\/\/www.meteotrentino.it\/bollettini\/today\/generale_en.aspx?id=55\" target=\"_blank\">anglicky<\/a>.<\/li><li>It\u00e1lie:\u00a0<a rel=\"noreferrer noopener\" href=\"http:\/\/www.meteo.it\/\" target=\"_blank\">http:\/\/www.meteo.it<\/a><\/li><li><a rel=\"noreferrer noopener\" href=\"http:\/\/www.ilmeteo.it\/\" target=\"_blank\">It\u00e1lie<\/a>\u00a0&#8211; kvalitn\u00ed p\u0159edpov\u011b\u010f na serveru ilmeteo.it.<\/li><li><a rel=\"noreferrer noopener\" href=\"http:\/\/www.meteolive.it\/meteo\/index.php3\" target=\"_blank\">It\u00e1lie<\/a>\u00a0&#8211; p\u0159edpov\u011b\u010f na serveru Meteolive.it<\/li><li><a rel=\"noreferrer noopener\" href=\"http:\/\/www.arpa.veneto.it\/bollettini\/htm\/dolomiti_meteo.asp\" target=\"_blank\">It\u00e1lie &#8211; Dolomity<\/a><\/li><li>\u0160v\u00fdcarsko:\u00a0<a rel=\"noreferrer noopener\" href=\"http:\/\/www.sma.ch\/\" target=\"_blank\">http:\/\/www.sma.ch<\/a><\/li><li><a href=\"https:\/\/en.swisswebcams.ch\" target=\"_blank\" rel=\"noreferrer noopener\">\u0160v\u00fdcarsko<\/a>\u00a0&#8211; webkamery<\/li><li><a rel=\"noreferrer noopener\" href=\"http:\/\/www.chamonix.net\/english\/weather\/forecast.htm\" target=\"_blank\">Chamonix<\/a>\u00a0&#8211; p\u0159edpov\u011b\u010f po\u010das\u00ed na 9 dn\u00ed.<\/li><li><a rel=\"noreferrer noopener\" href=\"http:\/\/www.meteofrance.com\/FR\/index.jsp\" target=\"_blank\">Meteo France<\/a><\/li><li><a href=\"https:\/\/meteo.gr\/cf-en.cfm?city_id=106\">\u0158ecko &#8211; Leonidio<\/a> <\/li><li><a rel=\"noreferrer noopener\" href=\"http:\/\/weather.yahoo.com\/\" target=\"_blank\">P\u0159edpov\u011b\u010f po\u010das\u00ed na serveru YAHOO<\/a><\/li><li><a rel=\"noreferrer noopener\" href=\"http:\/\/weather.yahoo.com\/regional\/EUROPEX.html\" target=\"_blank\">P\u0159edpov\u011b\u010f na YAHOO pro Evropu<\/a><\/li><li><a rel=\"noreferrer noopener\" href=\"http:\/\/www.freemeteo.com\/\" target=\"_blank\">www.freemeteo.com<\/a>\u00a0&#8211; p\u0159edpov\u011b\u010f po\u010das\u00ed pro cel\u00fd sv\u011bt na 7 dn\u00ed<\/li><li><a rel=\"noreferrer noopener\" href=\"http:\/\/www.windguru.cz\/cz\/\" target=\"_blank\">windguru<\/a><\/li><li><a href=\"https:\/\/www.foreca.cz\/World\/Evropa\" target=\"_blank\" rel=\"noreferrer noopener\">server FORECA.cz<\/a><\/li><li>cel\u00fd sv\u011bt:\u00a0<a rel=\"noreferrer noopener\" href=\"http:\/\/www.wunderground.com\/\" target=\"_blank\">http:\/\/www.wunderground.com<\/a><\/li><li>N\u011bmecko a Evropa:\u00a0<a rel=\"noreferrer noopener\" href=\"http:\/\/de.weather.com\/\" target=\"_blank\">http:\/\/de.weather.com\/<\/a><\/li><li>\u0158ecko:\u00a0<a href=\"https:\/\/meteo.gr\/index-en.cfm\">https:\/\/meteo.gr\/index-en.cfm<\/a><\/li><li>\u0160v\u00e9dsko:\u00a0<a rel=\"noreferrer noopener\" href=\"http:\/\/www.smhi.se\/\" target=\"_blank\">http:\/\/www.smhi.se<\/a><\/li><li>Slovinsko:\u00a0<a href=\"http:\/\/meteo.arso.gov.si\/met\/en\/weather\/\">http:\/\/meteo.arso.gov.si\/met\/en\/weather\/<\/a><\/li><li>Ma\u010farsko:\u00a0<a rel=\"noreferrer noopener\" href=\"http:\/\/www.met.hu\/\" target=\"_blank\">http:\/\/www.met.hu<\/a><\/li><li>Holandsko:\u00a0<a rel=\"noreferrer noopener\" href=\"http:\/\/www.knmi.nl\/\" target=\"_blank\">http:\/\/www.knmi.nl<\/a><\/li><li>P\u0159ehled radarov\u00fdch dat pro EU:\u00a0<a href=\"http:\/\/www.radareu.cz\/?lng=cz\">http:\/\/www.radareu.cz\/?lng=cz<\/a><\/li><\/ul>\n","protected":false},"excerpt":{"rendered":"<p>http:\/\/www.chmi.cz\u00a0&#8211; \u010cesk\u00fd hydrometeorologick\u00fd ustav http:\/\/www.medard-online.cz\/\u00a0&#8211; Model \u00fastavu informatiky Akademice v\u011bd \u010cR, horizont\u00e1ln\u00ed rozli\u0161en\u00ed 3km. https:\/\/www.wetteronline.de\/\u00a0&#8211; N\u011bmeck\u00e1 p\u0159edpov\u011b\u010f, pro severn\u00ed okraj \u010cech n\u011bkdy relevantn\u011bj\u0161\u00ed ne\u017e \u010cHM\u00da\u00a0&hellip;<\/p>\n","protected":false},"author":1,"featured_media":0,"parent":0,"menu_order":0,"comment_status":"closed","ping_status":"closed","template":"","meta":{"_bbp_topic_count":0,"_bbp_reply_count":0,"_bbp_total_topic_count":0,"_bbp_total_reply_count":0,"_bbp_voice_count":0,"_bbp_anonymous_reply_count":0,"_bbp_topic_count_hidden":0,"_bbp_reply_count_hidden":0,"_bbp_forum_subforum_count":0,"footnotes":""},"class_list":["post-48956","page","type-page","status-publish","hentry"],"_links":{"self":[{"href":"https:\/\/wp.holoko.cz\/index.php\/wp-json\/wp\/v2\/pages\/48956","targetHints":{"allow":["GET"]}}],"collection":[{"href":"https:\/\/wp.holoko.cz\/index.php\/wp-json\/wp\/v2\/pages"}],"about":[{"href":"https:\/\/wp.holoko.cz\/index.php\/wp-json\/wp\/v2\/types\/page"}],"author":[{"embeddable":true,"href":"https:\/\/wp.holoko.cz\/index.php\/wp-json\/wp\/v2\/users\/1"}],"replies":[{"embeddable":true,"href":"https:\/\/wp.holoko.cz\/index.php\/wp-json\/wp\/v2\/comments?post=48956"}],"version-history":[{"count":11,"href":"https:\/\/wp.holoko.cz\/index.php\/wp-json\/wp\/v2\/pages\/48956\/revisions"}],"predecessor-version":[{"id":59300,"href":"https:\/\/wp.holoko.cz\/index.php\/wp-json\/wp\/v2\/pages\/48956\/revisions\/59300"}],"wp:attachment":[{"href":"https:\/\/wp.holoko.cz\/index.php\/wp-json\/wp\/v2\/media?parent=48956"}],"curies":[{"name":"wp","href":"https:\/\/api.w.org\/{rel}","templated":true}]}}