{"id":507,"date":"2020-09-14T17:33:13","date_gmt":"2020-09-14T17:33:13","guid":{"rendered":"http:\/\/wp.holoko.cz\/?page_id=507"},"modified":"2026-01-23T23:15:24","modified_gmt":"2026-01-23T22:15:24","slug":"cepin","status":"publish","type":"page","link":"https:\/\/wp.holoko.cz\/index.php\/cepin\/","title":{"rendered":"Zlat\u00fd cep\u00edn Jizersk\u00fdch hor"},"content":{"rendered":"<div class=\"wp-block-image\">\n<figure class=\"aligncenter\"><img loading=\"lazy\" decoding=\"async\" width=\"1024\" height=\"449\" src=\"https:\/\/wp.holoko.cz\/wp-content\/uploads\/2023\/01\/cepin_1963-1024x449.jpg\" alt=\"\" class=\"wp-image-59393\" srcset=\"https:\/\/wp.holoko.cz\/wp-content\/uploads\/2023\/01\/cepin_1963-1024x449.jpg 1024w, https:\/\/wp.holoko.cz\/wp-content\/uploads\/2023\/01\/cepin_1963-300x131.jpg 300w, https:\/\/wp.holoko.cz\/wp-content\/uploads\/2023\/01\/cepin_1963-768x337.jpg 768w, https:\/\/wp.holoko.cz\/wp-content\/uploads\/2023\/01\/cepin_1963-1536x673.jpg 1536w, https:\/\/wp.holoko.cz\/wp-content\/uploads\/2023\/01\/cepin_1963.jpg 1876w\" sizes=\"auto, (max-width: 1024px) 100vw, 1024px\" \/><figcaption class=\"wp-element-caption\"><em><strong>Legend\u00e1rn\u00ed p\u016fvodn\u00ed cep\u00edn z roku 1963<\/strong><\/em><\/figcaption><\/figure>\n<\/div>\n\n\n<h2 class=\"wp-block-heading has-text-align-center\" id=\"memorial-josefa-cihuly-a-ericha-soukupa\"><strong>memori\u00e1l Josefa \u010cihuly a Ericha Soukupa<\/strong><\/h2>\n\n\n\n<p class=\"has-text-align-center\">Tradi\u010dn\u00ed z\u00e1vod \u0161tafet horolezeck\u00fdch odd\u00edl\u016f&nbsp;<br>v b\u011bhu na ly\u017e\u00edch na 3 x 10 km klasicky&nbsp;<br>po\u0159\u00e1d\u00e1 TJ Lokomotiva Liberec &#8211; horolezeck\u00fd odd\u00edl<\/p>\n\n\n\n<p class=\"has-text-align-center\"><strong>71. ro\u010dn\u00edk z\u00e1vodu Zlat\u00fd cep\u00edn Jizersk\u00fdch hor se uskute\u010dn\u00ed za podpory <\/strong><br><strong>\u010cHS a Vojensk\u00e9 zdravotn\u00ed poji\u0161\u0165ovn<\/strong>y<\/p>\n\n\n\n<pre class=\"wp-block-code\"><code><p class=\"has-text-align-center\">\n<a href=\"https:\/\/www.horosvaz.cz\/\"><img decoding=\"async\" class=\"wp-image-59409\" style=\"width: 200px;\" src=\"https:\/\/wp.holoko.cz\/wp-content\/uploads\/2025\/05\/CHS_Short-1.png\" alt=\"\u010cHS\"><\/a>  <a href=\"https:\/\/www.vozp.cz\"><img decoding=\"async\" class=\"wp-image-59409\" style=\"width: 150px;\" src=\"https:\/\/wp.holoko.cz\/wp-content\/uploads\/2023\/10\/VoZP_logo1_krivky.jpg\" alt=\"VoZP\"><\/a>\n<\/p><\/code><\/pre>\n\n\n\n<p class=\"has-text-align-center\">v ly\u017ea\u0159sk\u00e9m are\u00e1lu Bed\u0159ichov v Jizersk\u00fdch hor\u00e1ch dne 24.1.2026.<\/p>\n\n\n\n<hr class=\"wp-block-separator has-css-opacity\"\/>\n\n\n\n<h2 class=\"wp-block-heading has-text-align-center\" id=\"hlavni-zavod\">Hlavn\u00ed z\u00e1vod:<\/h2>\n\n\n\n<p class=\"has-text-align-center\">Registrace \u0161tafet v &#8222;Horo chat\u011b&#8220; TJ Lokomotiva 9:30 &#8211; 11:30, start 12:00. B\u011b\u017e\u00ed se t\u0159\u00ed\u010dlenn\u00e9 \u0161tafety 3 x 10 km klasicky. Startovn\u00e9 450K\u010d na \u0161tafetu (tj. 150 K\u010d na hlavu). Z\u00e1vodu se mohou z\u00fa\u010dastnit pouze \u010dlenov\u00e9 horolezeck\u00fdch odd\u00edl\u016f (rovn\u011b\u017e individu\u00e1ln\u00ed \u010dlenov\u00e9 \u010cHS, OeAV a jin\u00fdch horsk\u00fdch spolk\u016f a klub\u016f). Pro v\u00edt\u011bze je p\u0159ipraven putovn\u00ed zlat\u00fd cep\u00edn. \u010clenov\u00e9 prvn\u00edch \u010dty\u0159 \u0161tafet tak\u00e9 obdr\u017e\u00ed hodnotn\u00e9 v\u011bcn\u00e9 ceny. Ceny se pokus\u00edme zajistit (s ohledem na \u0161t\u011bdrost sponzor\u016f) i pro veter\u00e1ny a d\u011btsk\u00e9 kategorie.<\/p>\n\n\n\n<p class=\"has-text-align-center\">Doprovodn\u00e9 akce (\u010dlenstv\u00ed v horolezeck\u00e9m svazu nen\u00ed podm\u00ednkou), startovn\u00e9 50 K\u010d:<\/p>\n\n\n\n<p class=\"has-text-align-center\">Z\u00e1vod d\u011bt\u00ed a ml\u00e1de\u017ee &#8211; prezentace 9:00 &#8211; 9:50 hod., start 10:15.&nbsp;<br>R\u016fzn\u00e9 v\u011bkov\u00e9 kategorie od 6 do 16 let.<\/p>\n\n\n\n<p class=\"has-text-align-center\">Z\u00e1vod veter\u00e1n\u016f nad 50 let &#8211; prezentace 9:00 &#8211; 10:30, b\u011b\u017e\u00ed se na trati 5km, start 11:00 hod.<\/p>\n\n\n\n<p class=\"has-text-align-center\"><strong><span class=\"has-inline-color has-vivid-red-color\">V\u0160ECHNY Z\u00c1VODY SE JEDOU KLASICK\u00ddM STYLEM A NA VLASTN\u00cd NEBEZPE\u010c\u00cd !<\/span><\/strong><\/p>\n\n\n\n<h2 class=\"wp-block-heading has-text-align-center\">Propozice z\u00e1vodu:<\/h2>\n\n\n\n<p class=\"has-text-align-center\">Propozice jsou ke sta\u017een\u00ed &gt;<a href=\"https:\/\/wp.holoko.cz\/wp-content\/uploads\/2026\/01\/LETAK_zlaty_cepin_2026.pdf\">zde<\/a>&lt;<\/p>\n\n\n\n<h2 class=\"wp-block-heading has-text-align-center\" id=\"organizacni-tym\">Organiza\u010dn\u00ed t\u00fdm:<\/h2>\n\n\n\n<p class=\"has-text-align-center\">Jan Kadlec &#8211; honzadrn@email.cz, Vlastimil Hrab\u011b &#8211; mobil 606 281 233<br>Martin Marek &#8211; mobil 724 247 624<br>Iva Ulbrichov\u00e1 &#8211;&nbsp;ulbrichova@fld.czu.cz<br>Hlavn\u00ed rozhod\u010d\u00ed: Jana V\u00e1\u0148ov\u00e1<\/p>\n\n\n\n<p><\/p>\n\n\n\n<h2 class=\"wp-block-heading has-text-align-center\" id=\"za-financni-podporu-dekujeme-temto-darcum\">Za finan\u010dn\u00ed podporu p\u0159edchoz\u00edho ro\u010dn\u00edku 2025 d\u011bkujeme:<\/h2>\n\n\n\n<h3 class=\"wp-block-heading has-text-align-center\" id=\"unipress-interexpert\"><a href=\"https:\/\/www.interexpert.cz\/\" target=\"_blank\" rel=\"noopener\">INTEREXPERT neziskov\u00fd sektor s.r.o.<\/a><br><a href=\"https:\/\/jp-ecoaudit.sluzby.cz\/\" target=\"_blank\" rel=\"noreferrer noopener\">JP EcoAudit, s.r.o.<\/a><br>Ing. Lenka Dudov\u00e1<\/h3>\n\n\n\n<h3 class=\"wp-block-heading has-text-align-center\" id=\"unipress-spol-s-r-o-sagita-outdoorvgd-s-r-o-audit-one-s-r-o\">Za v\u011bcn\u00e9 ceny d\u011bkujeme t\u011bmto d\u00e1rc\u016fm:<\/h3>\n\n\n\n<h3 class=\"wp-block-heading has-text-align-center\" id=\"hudy-sportsinging-rockvertone\"><a href=\"https:\/\/vertone.cz\/\" data-type=\"URL\" data-id=\"https:\/\/vertone.cz\/\">PETZL &#8211; VERTONE<\/a><br><a href=\"https:\/\/www.hudy.cz\">HUDYSPORT<br><\/a><a href=\"https:\/\/www.singingrock.cz\/\">SINGING ROCK<\/a><br><\/h3>\n\n\n\n<h3 class=\"wp-block-heading has-text-align-center\" id=\"vysledky-letosniho-i-predchozich-rocniku-zlateho-cepinu-naleznete-zde\">V\u00fdsledky leto\u0161n\u00edho i p\u0159edchoz\u00edch ro\u010dn\u00edk\u016f Zlat\u00e9ho cep\u00ednu naleznete &gt;<a rel=\"noreferrer noopener\" href=\"https:\/\/wp.holoko.cz\/index.php\/zlaty-cepin-vysledky\/\" data-type=\"URL\" data-id=\"https:\/\/wp.holoko.cz\/index.php\/zlaty-cepin-vysledky\/\" target=\"_blank\">zde<\/a>&lt;.<\/h3>\n\n\n\n<p><strong>Album fotografi\u00ed z ro\u010dn\u00edku 2025:<\/strong> <a href=\"https:\/\/eu.zonerama.com\/HOLokoLiberec\/Album\/12816527\">https:\/\/eu.zonerama.com\/HOLokoLiberec\/Album\/12816527<\/a><\/p>\n\n\n\n<p><strong>Album fotografi\u00ed z ro\u010dn\u00edku 2024:<\/strong> <a rel=\"noreferrer noopener\" href=\"https:\/\/eu.zonerama.com\/HOLokoLiberec\/Album\/11035862\" target=\"_blank\">https:\/\/eu.zonerama.com\/HOLokoLiberec\/Album\/11035862<\/a><\/p>\n\n\n\n<p><strong>Alba fotografi\u00ed z&nbsp;ro\u010dn\u00edku 2022:<\/strong><\/p>\n\n\n\n<p><a href=\"https:\/\/eu.zonerama.com\/HOLokoLiberec\/Album\/8150436\" data-type=\"URL\" data-id=\"https:\/\/eu.zonerama.com\/HOLokoLiberec\/Album\/8150436\" target=\"_blank\" rel=\"noreferrer noopener\">https:\/\/eu.zonerama.com\/HOLokoLiberec\/Album\/8150436<\/a><\/p>\n\n\n\n<p><a href=\"https:\/\/studiopetras.rajce.idnes.cz\/Cepin_2022\/\">https:\/\/studiopetras.rajce.idnes.cz\/Cepin_2022\/<\/a><\/p>\n\n\n\n<p><strong>Ohlasy p\u0159edchoz\u00edch ro\u010dn\u00edk\u016f v dobov\u00e9m tisku jsou k nahl\u00e9dnut\u00ed &gt;<a href=\"https:\/\/wp.holoko.cz\/wp-content\/uploads\/2022\/01\/zlaty_cepin_clanek_58r.pdf\" data-type=\"URL\" data-id=\"https:\/\/wp.holoko.cz\/wp-content\/uploads\/2022\/01\/zlaty_cepin_clanek_58r.pdf\">zde<\/a>&lt; a &gt;<a href=\"https:\/\/wp.holoko.cz\/wp-content\/uploads\/2022\/01\/zlaty_cepin_50_rocnik.pdf\" data-type=\"URL\" data-id=\"https:\/\/wp.holoko.cz\/wp-content\/uploads\/2022\/01\/zlaty_cepin_50_rocnik.pdf\">zde<\/a>&lt;<\/strong>.<\/p>\n\n\n\n<p><\/p>\n","protected":false},"excerpt":{"rendered":"<p>memori\u00e1l Josefa \u010cihuly a Ericha Soukupa Tradi\u010dn\u00ed z\u00e1vod \u0161tafet horolezeck\u00fdch odd\u00edl\u016f&nbsp;v b\u011bhu na ly\u017e\u00edch na 3 x 10 km klasicky&nbsp;po\u0159\u00e1d\u00e1 TJ Lokomotiva Liberec &#8211; horolezeck\u00fd&hellip;<\/p>\n","protected":false},"author":2,"featured_media":0,"parent":0,"menu_order":0,"comment_status":"closed","ping_status":"closed","template":"","meta":{"_bbp_topic_count":0,"_bbp_reply_count":0,"_bbp_total_topic_count":0,"_bbp_total_reply_count":0,"_bbp_voice_count":0,"_bbp_anonymous_reply_count":0,"_bbp_topic_count_hidden":0,"_bbp_reply_count_hidden":0,"_bbp_forum_subforum_count":0,"footnotes":""},"class_list":["post-507","page","type-page","status-publish","hentry"],"_links":{"self":[{"href":"https:\/\/wp.holoko.cz\/index.php\/wp-json\/wp\/v2\/pages\/507","targetHints":{"allow":["GET"]}}],"collection":[{"href":"https:\/\/wp.holoko.cz\/index.php\/wp-json\/wp\/v2\/pages"}],"about":[{"href":"https:\/\/wp.holoko.cz\/index.php\/wp-json\/wp\/v2\/types\/page"}],"author":[{"embeddable":true,"href":"https:\/\/wp.holoko.cz\/index.php\/wp-json\/wp\/v2\/users\/2"}],"replies":[{"embeddable":true,"href":"https:\/\/wp.holoko.cz\/index.php\/wp-json\/wp\/v2\/comments?post=507"}],"version-history":[{"count":89,"href":"https:\/\/wp.holoko.cz\/index.php\/wp-json\/wp\/v2\/pages\/507\/revisions"}],"predecessor-version":[{"id":59759,"href":"https:\/\/wp.holoko.cz\/index.php\/wp-json\/wp\/v2\/pages\/507\/revisions\/59759"}],"wp:attachment":[{"href":"https:\/\/wp.holoko.cz\/index.php\/wp-json\/wp\/v2\/media?parent=507"}],"curies":[{"name":"wp","href":"https:\/\/api.w.org\/{rel}","templated":true}]}}