{"id":8432,"date":"2021-02-10T00:42:31","date_gmt":"2021-02-09T23:42:31","guid":{"rendered":"https:\/\/wp.holoko.cz\/?page_id=8432"},"modified":"2021-02-10T00:42:31","modified_gmt":"2021-02-09T23:42:31","slug":"oldrichovsky-mixy","status":"publish","type":"page","link":"https:\/\/wp.holoko.cz\/index.php\/oldrichovsky-mixy\/","title":{"rendered":"Old\u0159ichovsk\u00fd mixy"},"content":{"rendered":"\n<p><em><strong>Napsal: Ban\u00e1n (6.3.2010)<\/strong><\/em><\/p>\n\n\n\n<p>Jeliko\u017e cep\u00edny u\u017e m\u00e1 doma snad ka\u017edej a v Old\u0159ichovsk\u00e9m lomu u\u017e nen\u00ed pro lidi kam zaseknout, rozhodli jsme se vytvo\u0159it p\u0159\u00edpadn\u011b obnovit n\u011bkolik mixov\u00fdch cest v lomu. I p\u0159es malou d\u00e9lku se na nich d\u00e1 solidn\u011b potr\u00e1pit t\u011blo i mysl. Potr\u00e9novat na n\u011bco v\u00e1\u017en\u011bj\u0161\u00edho a fronty se na n\u011b zaru\u010den\u011b st\u00e1t nebudou, ani v p\u0159\u00edpad\u011b soub\u011b\u017en\u00e9ho kvalitn\u00edho ledolezeck\u00e9ho kurzu, a\u0165 u\u017e je odkukoliv&#8230;V\u0161echny cesty jsou zaji\u0161t\u011bny lepen\u00fdmi oky a s bezpe\u010dnost\u00ed ji\u0161t\u011bn\u00ed by tedy nem\u011bl b\u00fdt probl\u00e9m, p\u0159esto jestli\u017ee n\u011bkdo zjist\u00edte n\u011bjak\u00fd probl\u00e9m s ji\u0161t\u011bn\u00edm, dejte mi v\u011bd\u011bt!!!! Topy jsou osazeny oky s del\u0161\u00edmi d\u0159\u00edky. V n\u00e1kresech chyb\u00fd cesta &#8222;P\u0158ES KO\u0158EN-WI3-M4, 12m&#8220;, kter\u00e1 je prodlou\u017een\u00edm nejprav\u011bj\u0161\u00edho rampouchu p\u0159i p\u0159\u00edchodu do lomu. Do cesty bylo dod\u00e1no oko nad v\u00fdlez z rampouchu. Oko je tam dod\u00e1no pro zv\u00fd\u0161en\u00ed bezpe\u010dnosti voln\u00fdch p\u0159elez\u016f a nen\u00ed ur\u010deno pro TOP ROPE ji\u0161t\u011bn\u00ed spodn\u00ed \u010d\u00e1sti cesty. Cesta je kr\u00e1lovsky zaji\u0161t\u011bn\u00e1 (samoz\u0159ejm\u011b v\u010detn\u011b \u0161roub\u016f) a o\u010dek\u00e1v\u00e1m proto, \u017ee se za\u010dne l\u00e9zt odspodu a poklesne po\u010det lid\u00ed, kte\u0159\u00ed soustavn\u011b brous\u00ed ko\u0159en ve v\u00fdlezu ryba\u0159en\u00edm a kte\u0159\u00ed trp\u011bliv\u011b okop\u00e1vaj\u00ed jeden z nej led\u016f v lomu. Kvalita a obt\u00ed\u017enost n\u011bkter\u00fdch cest je dost variabiln\u00ed a n\u011bkdy si sta\u010d\u00ed vydloubnout nov\u00fd chyt a jin\u00fd ulomit a jedn\u00e1 se o zcela jinou cestu (zejm\u00e9na na Pern\u00edkov\u00e9 chaloupce). Obt\u00ed\u017enost cest by mo\u017en\u00e1 m\u011bla b\u00fdt vzhledem k mal\u00e9 d\u00e9lce ni\u017e\u0161\u00ed, ale hodnot\u00edm subjektivn\u011b a podle nejt\u011b\u017e\u0161\u00edho m\u00edsta. P\u0159ipom\u00ednky ke klase a v\u00fdznamn\u00fdm zm\u011bn\u00e1m samoz\u0159ejm\u011b nev\u00e1hejte zve\u0159ejnit.<\/p>\n\n\n\n<p>A\u0165 va\u0161e motyky jsou po\u0159\u00e1d ostr\u00e9, led neokopan\u00fd a cep\u00edn ve sp\u00e1\u0159e dr\u017e\u00ed.<\/p>\n\n\n\n<p>Ban\u00e1n<\/p>\n\n\n\n<figure class=\"wp-block-image size-large\"><img loading=\"lazy\" decoding=\"async\" width=\"800\" height=\"640\" src=\"https:\/\/wp.holoko.cz\/wp-content\/uploads\/2021\/02\/image061d.jpg\" alt=\"\" class=\"wp-image-8433\" srcset=\"https:\/\/wp.holoko.cz\/wp-content\/uploads\/2021\/02\/image061d.jpg 800w, https:\/\/wp.holoko.cz\/wp-content\/uploads\/2021\/02\/image061d-300x240.jpg 300w, https:\/\/wp.holoko.cz\/wp-content\/uploads\/2021\/02\/image061d-768x614.jpg 768w\" sizes=\"auto, (max-width: 800px) 100vw, 800px\" \/><\/figure>\n\n\n\n<figure class=\"wp-block-image size-large\"><img loading=\"lazy\" decoding=\"async\" width=\"700\" height=\"560\" src=\"https:\/\/wp.holoko.cz\/wp-content\/uploads\/2021\/02\/image912d.jpg\" alt=\"\" class=\"wp-image-8434\" srcset=\"https:\/\/wp.holoko.cz\/wp-content\/uploads\/2021\/02\/image912d.jpg 700w, https:\/\/wp.holoko.cz\/wp-content\/uploads\/2021\/02\/image912d-300x240.jpg 300w\" sizes=\"auto, (max-width: 700px) 100vw, 700px\" \/><\/figure>\n","protected":false},"excerpt":{"rendered":"<p>Napsal: Ban\u00e1n (6.3.2010) Jeliko\u017e cep\u00edny u\u017e m\u00e1 doma snad ka\u017edej a v Old\u0159ichovsk\u00e9m lomu u\u017e nen\u00ed pro lidi kam zaseknout, rozhodli jsme se vytvo\u0159it p\u0159\u00edpadn\u011b&hellip;<\/p>\n","protected":false},"author":1,"featured_media":0,"parent":0,"menu_order":0,"comment_status":"closed","ping_status":"closed","template":"","meta":{"_bbp_topic_count":0,"_bbp_reply_count":0,"_bbp_total_topic_count":0,"_bbp_total_reply_count":0,"_bbp_voice_count":0,"_bbp_anonymous_reply_count":0,"_bbp_topic_count_hidden":0,"_bbp_reply_count_hidden":0,"_bbp_forum_subforum_count":0,"footnotes":""},"class_list":["post-8432","page","type-page","status-publish","hentry"],"_links":{"self":[{"href":"https:\/\/wp.holoko.cz\/index.php\/wp-json\/wp\/v2\/pages\/8432","targetHints":{"allow":["GET"]}}],"collection":[{"href":"https:\/\/wp.holoko.cz\/index.php\/wp-json\/wp\/v2\/pages"}],"about":[{"href":"https:\/\/wp.holoko.cz\/index.php\/wp-json\/wp\/v2\/types\/page"}],"author":[{"embeddable":true,"href":"https:\/\/wp.holoko.cz\/index.php\/wp-json\/wp\/v2\/users\/1"}],"replies":[{"embeddable":true,"href":"https:\/\/wp.holoko.cz\/index.php\/wp-json\/wp\/v2\/comments?post=8432"}],"version-history":[{"count":1,"href":"https:\/\/wp.holoko.cz\/index.php\/wp-json\/wp\/v2\/pages\/8432\/revisions"}],"predecessor-version":[{"id":8435,"href":"https:\/\/wp.holoko.cz\/index.php\/wp-json\/wp\/v2\/pages\/8432\/revisions\/8435"}],"wp:attachment":[{"href":"https:\/\/wp.holoko.cz\/index.php\/wp-json\/wp\/v2\/media?parent=8432"}],"curies":[{"name":"wp","href":"https:\/\/api.w.org\/{rel}","templated":true}]}}