{"id":8445,"date":"2021-02-10T00:47:55","date_gmt":"2021-02-09T23:47:55","guid":{"rendered":"https:\/\/wp.holoko.cz\/?page_id=8445"},"modified":"2021-02-10T00:47:55","modified_gmt":"2021-02-09T23:47:55","slug":"oldahaking","status":"publish","type":"page","link":"https:\/\/wp.holoko.cz\/index.php\/oldahaking\/","title":{"rendered":"Oldah\u00e1king"},"content":{"rendered":"\n<p><em><strong>Napsal: Ji\u0159\u00ed Hu\u0161ek 8.3.2010<\/strong><\/em><\/p>\n\n\n\n<p>V souvislosti s Ban\u00e1nov\u00fdm infem o mixov\u00e1n\u00ed v Oldalomu si dovol\u00edm zm\u00ednit je\u0161t\u011b (snad) obskurn\u011bj\u0161\u00ed z\u00e1bavy v obl\u00e1stce u old\u0159ichovsk\u00e9ho tunelu. Tam se toti\u017e (krom jin\u00e9ho) nach\u00e1z\u00ed i p\u011bkn\u00e1 \u017eulov\u00e1 plotna, kter\u00e1 je poz\u016fstatkem b\u00fdval\u00e9 lomov\u00e9 st\u011bny. Z d\u016fvodu zna\u010dn\u00e9 sajrajt\u00f3znosti stavebn\u00edho materi\u00e1lu neslibuje \u017e\u00e1dn\u00e9 p\u011bkn\u00e9 lezen\u00ed. O to v\u011bt\u0161\u00ed z\u00e1bava se tam d\u00e1 u\u017e\u00edt p\u0159i visen\u00ed ve vyj\u00ed\u017ed\u011bj\u00edc\u00ed skobce \u010di ven se drol\u00edc\u00edm friendu \u010d. 0,25.<\/p>\n\n\n\n<p>V lo\u0148sk\u00e9m roce byla st\u011bna prostoupena dv\u011bma sm\u011bry, kter\u00e9 sleduj\u00ed v\u00fdrazn\u00e9 trhliny. Uveden\u00e1 klasifikace je velice orienta\u010dn\u00ed. Z d\u016fvodu kvak\u00e9znosti ter\u00e9nu nemohla b\u00fdt logicky pou\u017eita stupnice new age, proto\u017ee pak bychom se nedostali p\u0159es A1 a v\u00fdpov\u011bdn\u00ed hodnota by byla jak\u00e1? No? No nulov\u00e1! Tak\u017ee byla pou\u017eita tatransk\u00e1 stupnice n\u00e1soben\u00e1 old\u0159ichovsk\u00fdm koeficientem. V\u00fdsledkem je op\u011bt nulov\u00e1 v\u00fdpov\u011bdn\u00ed hodnota, ale to \u010d\u00eds\u00edlko za \u00e1\u010dkem je v\u011bt\u0161\u00ed a kv\u016fli \u010d\u00edsl\u016fm p\u0159ece lezem, ne? S p\u0159ib\u00fdvaj\u00edc\u00edmi p\u0159elezy (cht\u011bl bych vid\u011bt toho pomatence, kterej bude cht\u00edt ten hnus l\u00edzt&#8230;) se klasa bude samoz\u0159ejm\u011b m\u011bnit. Ve\u0161ker\u00e9 n\u00e1zory na toto t\u00e9ma uv\u00edt\u00e1m.<\/p>\n\n\n\n<p>Na z\u00e1v\u011br pozn\u00e1mka pro mixoborce. Linie \u201eOrient expres\u201c by snad \u0161la (nev\u00edm &#8211; na tohle oko nem\u00e1m) po d\u016fkladn\u00e9m vypucov\u00e1n\u00ed a p\u0159eji\u0161t\u011bn\u00ed p\u0159el\u00e9zt s krump\u00e1\u010dema a zubatejma keckama. Pro \u00faplnost je\u0161t\u011b konstatuju existenci mixov\u00e9ho koutku, jen\u017e tvo\u0159\u00ed pravou hranici st\u011bny. Lezen\u00ed po glazurce, drnech, sp\u00e1rkami. P\u011bkn\u00e9. Klasa M5(?).<\/p>\n\n\n\n<p>H\u00e1kingu zdar!<\/p>\n\n\n\n<figure class=\"wp-block-image size-large\"><img loading=\"lazy\" decoding=\"async\" width=\"680\" height=\"1024\" src=\"https:\/\/wp.holoko.cz\/wp-content\/uploads\/2021\/02\/image427f-680x1024.jpg\" alt=\"\" class=\"wp-image-8446\" srcset=\"https:\/\/wp.holoko.cz\/wp-content\/uploads\/2021\/02\/image427f-680x1024.jpg 680w, https:\/\/wp.holoko.cz\/wp-content\/uploads\/2021\/02\/image427f-199x300.jpg 199w, https:\/\/wp.holoko.cz\/wp-content\/uploads\/2021\/02\/image427f-768x1156.jpg 768w, https:\/\/wp.holoko.cz\/wp-content\/uploads\/2021\/02\/image427f.jpg 797w\" sizes=\"auto, (max-width: 680px) 100vw, 680px\" \/><\/figure>\n","protected":false},"excerpt":{"rendered":"<p>Napsal: Ji\u0159\u00ed Hu\u0161ek 8.3.2010 V souvislosti s Ban\u00e1nov\u00fdm infem o mixov\u00e1n\u00ed v Oldalomu si dovol\u00edm zm\u00ednit je\u0161t\u011b (snad) obskurn\u011bj\u0161\u00ed z\u00e1bavy v obl\u00e1stce u old\u0159ichovsk\u00e9ho tunelu.&hellip;<\/p>\n","protected":false},"author":1,"featured_media":0,"parent":0,"menu_order":0,"comment_status":"closed","ping_status":"closed","template":"","meta":{"_bbp_topic_count":0,"_bbp_reply_count":0,"_bbp_total_topic_count":0,"_bbp_total_reply_count":0,"_bbp_voice_count":0,"_bbp_anonymous_reply_count":0,"_bbp_topic_count_hidden":0,"_bbp_reply_count_hidden":0,"_bbp_forum_subforum_count":0,"footnotes":""},"class_list":["post-8445","page","type-page","status-publish","hentry"],"_links":{"self":[{"href":"https:\/\/wp.holoko.cz\/index.php\/wp-json\/wp\/v2\/pages\/8445","targetHints":{"allow":["GET"]}}],"collection":[{"href":"https:\/\/wp.holoko.cz\/index.php\/wp-json\/wp\/v2\/pages"}],"about":[{"href":"https:\/\/wp.holoko.cz\/index.php\/wp-json\/wp\/v2\/types\/page"}],"author":[{"embeddable":true,"href":"https:\/\/wp.holoko.cz\/index.php\/wp-json\/wp\/v2\/users\/1"}],"replies":[{"embeddable":true,"href":"https:\/\/wp.holoko.cz\/index.php\/wp-json\/wp\/v2\/comments?post=8445"}],"version-history":[{"count":1,"href":"https:\/\/wp.holoko.cz\/index.php\/wp-json\/wp\/v2\/pages\/8445\/revisions"}],"predecessor-version":[{"id":8447,"href":"https:\/\/wp.holoko.cz\/index.php\/wp-json\/wp\/v2\/pages\/8445\/revisions\/8447"}],"wp:attachment":[{"href":"https:\/\/wp.holoko.cz\/index.php\/wp-json\/wp\/v2\/media?parent=8445"}],"curies":[{"name":"wp","href":"https:\/\/api.w.org\/{rel}","templated":true}]}}