{"id":933,"date":"2020-12-07T11:45:18","date_gmt":"2020-12-07T10:45:18","guid":{"rendered":"http:\/\/wp.holoko.cz\/?page_id=933"},"modified":"2025-06-06T08:18:38","modified_gmt":"2025-06-06T07:18:38","slug":"planovane-akce","status":"publish","type":"page","link":"https:\/\/wp.holoko.cz\/index.php\/planovane-akce\/","title":{"rendered":"Pl\u00e1novan\u00e9 akce"},"content":{"rendered":"\n<h3 class=\"wp-block-heading\"><strong>P\u0159ehled pl\u00e1novan\u00fdch akc\u00ed na rok 2025<\/strong><\/h3>\n\n\n\n<p class=\"has-text-align-left\"><strong>1.2.2025<\/strong> Zlat\u00fd cep\u00edn &#8211; 70. ro\u010dn\u00edk<\/p>\n\n\n\n<p><strong>11. 4. &#8211; 21. 4. 2025<\/strong> Tradi\u010dn\u00ed jarn\u00ed rozl\u00e9z\u00e1n\u00ed v Ji\u017en\u00ed Francii (Z d\u016fvodu nep\u0159\u00edzniv\u00e9ho v\u00fdvoje po\u010das\u00ed akce prob\u011bhla \u00fasp\u011b\u0161n\u011b v Chorvatsku &#8211; Omi\u0161 se zast\u00e1vkou v Rakousku) <\/p>\n\n\n\n<p><strong>24. 5. 2025 <\/strong>N\u00e1cvik chyt\u00e1n\u00ed p\u00e1d\u016f v Betl\u00e9msk\u00fdch skal\u00e1ch, lom P\u00e1nvi\u010dka<\/p>\n\n\n\n<p><strong>Z\u00e1\u0159\u00ed<\/strong> &#8211; Tradi\u010dn\u00ed v\u00edkend v Kempu Spartak Tis\u00e1, term\u00edn bude up\u0159esn\u011bn.<\/p>\n\n\n\n<p><strong>7. 11. &#8211; 9. 11. 2025<\/strong> Posledn\u00ed slan\u011bn\u00ed na chat\u011b Piktych v l\u00e1zn\u00edch Libverda <a href=\"http:\/\/www.piktych.cz\/\">http:\/\/www.piktych.cz\/<\/a> . V p\u0159\u00edpad\u011b p\u0159\u00edzniv\u00e9ho po\u010das\u00ed p\u0159ipad\u00e1 v \u00favahu (krom\u011b lezen\u00ed v Jizerk\u00e1ch) i n\u00e1v\u0161t\u011bva lezeck\u00fdch oblast\u00ed v Polsku, nap\u0159. na Bobrowe Skaly je z chaty Piktych dojezdov\u00e1 vzd\u00e1lenost jen 38km. Zaj\u00edmav\u00fd je i p\u00edskovcov\u00fd \u00fatvar Wiezica, dojezd z chaty 52km, pokud by bylo opravdu hodn\u011b sucho. Pr\u016fvodce &#8222;Sudety Zachodnie&#8220; z roku 2024 m\u00e1m.<\/p>\n\n\n\n<p><strong>24.1.2026<\/strong> &#8211; Zlat\u00fd cep\u00edn 71. ro\u010dn\u00edk<\/p>\n","protected":false},"excerpt":{"rendered":"<p>P\u0159ehled pl\u00e1novan\u00fdch akc\u00ed na rok 2025 1.2.2025 Zlat\u00fd cep\u00edn &#8211; 70. ro\u010dn\u00edk 11. 4. &#8211; 21. 4. 2025 Tradi\u010dn\u00ed jarn\u00ed rozl\u00e9z\u00e1n\u00ed v Ji\u017en\u00ed Francii (Z&hellip;<\/p>\n","protected":false},"author":1,"featured_media":0,"parent":0,"menu_order":0,"comment_status":"closed","ping_status":"closed","template":"","meta":{"_bbp_topic_count":0,"_bbp_reply_count":0,"_bbp_total_topic_count":0,"_bbp_total_reply_count":0,"_bbp_voice_count":0,"_bbp_anonymous_reply_count":0,"_bbp_topic_count_hidden":0,"_bbp_reply_count_hidden":0,"_bbp_forum_subforum_count":0,"footnotes":""},"class_list":["post-933","page","type-page","status-publish","hentry"],"_links":{"self":[{"href":"https:\/\/wp.holoko.cz\/index.php\/wp-json\/wp\/v2\/pages\/933","targetHints":{"allow":["GET"]}}],"collection":[{"href":"https:\/\/wp.holoko.cz\/index.php\/wp-json\/wp\/v2\/pages"}],"about":[{"href":"https:\/\/wp.holoko.cz\/index.php\/wp-json\/wp\/v2\/types\/page"}],"author":[{"embeddable":true,"href":"https:\/\/wp.holoko.cz\/index.php\/wp-json\/wp\/v2\/users\/1"}],"replies":[{"embeddable":true,"href":"https:\/\/wp.holoko.cz\/index.php\/wp-json\/wp\/v2\/comments?post=933"}],"version-history":[{"count":23,"href":"https:\/\/wp.holoko.cz\/index.php\/wp-json\/wp\/v2\/pages\/933\/revisions"}],"predecessor-version":[{"id":59703,"href":"https:\/\/wp.holoko.cz\/index.php\/wp-json\/wp\/v2\/pages\/933\/revisions\/59703"}],"wp:attachment":[{"href":"https:\/\/wp.holoko.cz\/index.php\/wp-json\/wp\/v2\/media?parent=933"}],"curies":[{"name":"wp","href":"https:\/\/api.w.org\/{rel}","templated":true}]}}